{"id":7,"date":"2025-12-11T13:45:01","date_gmt":"2025-12-11T13:45:01","guid":{"rendered":"https:\/\/bewegungszentrum-seetal.ch\/?page_id=7"},"modified":"2025-12-11T14:52:47","modified_gmt":"2025-12-11T14:52:47","slug":"elementor-7","status":"publish","type":"page","link":"https:\/\/bewegungszentrum-seetal.ch\/","title":{"rendered":"Elementor #7"},"content":{"rendered":"\t\t<div data-elementor-type=\"wp-post\" data-elementor-id=\"7\" class=\"elementor elementor-7\" data-elementor-settings=\"{&quot;ha_cmc_init_switcher&quot;:&quot;no&quot;}\">\n\t\t\t\t<div class=\"elementor-element elementor-element-835fdb2 e-flex e-con-boxed wpr-particle-no wpr-jarallax-no wpr-parallax-no wpr-sticky-section-no e-con e-parent\" data-id=\"835fdb2\" data-element_type=\"container\" data-settings=\"{&quot;_ha_eqh_enable&quot;:false}\">\n\t\t\t\t\t<div class=\"e-con-inner\">\n\t\t\t\t<div class=\"elementor-element elementor-element-2354a78 elementor-widget elementor-widget-image\" data-id=\"2354a78\" data-element_type=\"widget\" data-widget_type=\"image.default\">\n\t\t\t\t\t\t\t\t\t\t\t\t\t\t\t<img fetchpriority=\"high\" decoding=\"async\" width=\"1024\" height=\"1024\" src=\"https:\/\/bewegungszentrum-seetal.ch\/wp-content\/uploads\/2025\/12\/3f5fc5c7-fd05-47f2-9f88-66c9f4898dc6.png\" class=\"attachment-large size-large wp-image-24\" alt=\"\" srcset=\"https:\/\/bewegungszentrum-seetal.ch\/wp-content\/uploads\/2025\/12\/3f5fc5c7-fd05-47f2-9f88-66c9f4898dc6.png 1024w, https:\/\/bewegungszentrum-seetal.ch\/wp-content\/uploads\/2025\/12\/3f5fc5c7-fd05-47f2-9f88-66c9f4898dc6-300x300.png 300w, https:\/\/bewegungszentrum-seetal.ch\/wp-content\/uploads\/2025\/12\/3f5fc5c7-fd05-47f2-9f88-66c9f4898dc6-150x150.png 150w, https:\/\/bewegungszentrum-seetal.ch\/wp-content\/uploads\/2025\/12\/3f5fc5c7-fd05-47f2-9f88-66c9f4898dc6-768x768.png 768w\" sizes=\"(max-width: 1024px) 100vw, 1024px\" \/>\t\t\t\t\t\t\t\t\t\t\t\t\t\t\t<\/div>\n\t\t\t\t\t<\/div>\n\t\t\t\t<\/div>\n\t\t<div class=\"elementor-element elementor-element-422da9f e-con-full e-flex wpr-particle-no wpr-jarallax-no wpr-parallax-no wpr-sticky-section-no elementor-invisible e-con e-parent\" data-id=\"422da9f\" data-element_type=\"container\" data-settings=\"{&quot;animation&quot;:&quot;fadeInUp&quot;,&quot;_ha_eqh_enable&quot;:false}\">\n\t\t<div class=\"elementor-element elementor-element-a1a19d2 e-con-full e-flex wpr-particle-no wpr-jarallax-no wpr-parallax-no wpr-sticky-section-no e-con e-child\" data-id=\"a1a19d2\" data-element_type=\"container\" data-settings=\"{&quot;_ha_eqh_enable&quot;:false}\">\n\t\t\t\t<div class=\"elementor-element elementor-element-681fd7b ekit-equal-height-disable elementor-widget elementor-widget-elementskit-image-box\" data-id=\"681fd7b\" data-element_type=\"widget\" data-widget_type=\"elementskit-image-box.default\">\n\t\t\t\t\t<div class=\"ekit-wid-con\" >\n            <div class=\"elementskit-info-image-box ekit-image-box text-center simple-card\" >\n\n                \n                <div class=\"elementskit-box-header image-box-img-center\">\n\n                    <img decoding=\"async\" width=\"250\" height=\"250\" src=\"https:\/\/bewegungszentrum-seetal.ch\/wp-content\/uploads\/2025\/12\/CrossFit_Seetal_FINAL-1-pimi71sldocea9cws0qwf3ijve0ygmfc85wa11kuh0.png\" class=\"attachment-full size-full wp-image-12\" alt=\"\" srcset=\"https:\/\/bewegungszentrum-seetal.ch\/wp-content\/uploads\/2025\/12\/CrossFit_Seetal_FINAL-1-pimi71sldocea9cws0qwf3ijve0ygmfc85wa11kuh0.png 250w, https:\/\/bewegungszentrum-seetal.ch\/wp-content\/uploads\/2025\/12\/CrossFit_Seetal_FINAL-1-pimi71sldocea9cws0qwf3ijve0ygmfc85wa11kuh0-150x150.png 150w\" sizes=\"(max-width: 250px) 100vw, 250px\" \/>\n                <\/div>\n                \n                <div class=\"elementskit-box-body ekit-image-box-body\">\n                    <div class=\"elementskit-box-content ekit-image-box-body-inner\">\n                                                <h3 class=\"elementskit-info-box-title\">\n\n                        CrossFit-Seetal\n                        \n                    <\/h3>\n                                                            <div class=\"elementskit-box-style-content\">\n                        Bei uns k\u00f6nnen sich Hobbysportler, M\u00fctter und V\u00e4ter, Teenies, Profisportler, Grossv\u00e4ter und Grossm\u00fctter, (ex)Sportmuffel, Sportbegeisterte, Vereine, Firmen,\n\neinfach ALLE die Bock auf Bewegung haben, austoben.\n\n \n\n \n\nDU wirst zu einem CrossFitter, lernst sogar eine neue Sprache wie AMRAP, EMOM, Double Unders, Handstand und DU wirst durch\n\n\u00abconstantly varied, functional movement, performed at high intensity\u00bb kr\u00e4ftiger, ausdauernder, beweglicher und ges\u00fcnder werden.\n\n \n\nPssst, nicht weitersagen macht sogar Spass                    <\/div>\n                                    <\/div>\n\n                                <div class=\"elementskit-box-footer\">\n                    <div class=\"box-footer\">\n                        <div class=\"btn-wraper\">\n                                                            <a href=\"http:\/\/crossfit-seetal.com\" class=\"elementskit-btn whitespace--normal\">\n                                    \n                                    \n                                    Erfahre mehr                                <\/a>\n                                                        <\/div>\n                    <\/div>\n                <\/div>\n                            <\/div>\n            <\/div>\n    <\/div>\t\t\t\t<\/div>\n\t\t\t\t<\/div>\n\t\t<div class=\"elementor-element elementor-element-386d5b6 e-con-full e-flex wpr-particle-no wpr-jarallax-no wpr-parallax-no wpr-sticky-section-no e-con e-child\" data-id=\"386d5b6\" data-element_type=\"container\" data-settings=\"{&quot;_ha_eqh_enable&quot;:false}\">\n\t\t\t\t<div class=\"elementor-element elementor-element-f05608a ekit-equal-height-disable elementor-widget elementor-widget-elementskit-image-box\" data-id=\"f05608a\" data-element_type=\"widget\" data-widget_type=\"elementskit-image-box.default\">\n\t\t\t\t\t<div class=\"ekit-wid-con\" >\n            <div class=\"elementskit-info-image-box ekit-image-box text-center simple-card\" >\n\n                \n                <div class=\"elementskit-box-header image-box-img-center\">\n\n                    <img decoding=\"async\" width=\"300\" height=\"300\" src=\"https:\/\/bewegungszentrum-seetal.ch\/wp-content\/uploads\/2025\/12\/tinabolterbewegt_bunt-300x300-1.jpg\" class=\"attachment-full size-full wp-image-17\" alt=\"\" srcset=\"https:\/\/bewegungszentrum-seetal.ch\/wp-content\/uploads\/2025\/12\/tinabolterbewegt_bunt-300x300-1.jpg 300w, https:\/\/bewegungszentrum-seetal.ch\/wp-content\/uploads\/2025\/12\/tinabolterbewegt_bunt-300x300-1-150x150.jpg 150w\" sizes=\"(max-width: 300px) 100vw, 300px\" \/>\n                <\/div>\n                \n                <div class=\"elementskit-box-body ekit-image-box-body\">\n                    <div class=\"elementskit-box-content ekit-image-box-body-inner\">\n                                                <h3 class=\"elementskit-info-box-title\">\n\n                        TinaBolter Bewegt\n                        \n                    <\/h3>\n                                                            <div class=\"elementskit-box-style-content\">\n                        Du m\u00f6chtest deinen K\u00f6rper fit halten und mehr Bewegung in den Alltag integrieren? \n\nOb Sportmuffel, Sportbegeisterte, Mamas, Papas oder Best Ager \u2013 Mit unseren individuellen Kursen wirst du kr\u00e4ftiger, \n\nausdauernder und beweglicher.\n\n \n\nDie Trainings finden jeweils in Kleingruppen (max. 8 Personen) beim CrossFit SEETAL in Boniswil statt. \n\nWir zeigen dir Wege auf, wie du deine Fitness verbessern kannst. \n\nIst die \u00dcbung f\u00fcr dich noch zu intensiv, skalieren (anpassen) wir die \u00dcbung ganz nach deinen Bed\u00fcrfnissen\n\n\u2013 du bestimmst das Tempo.                     <\/div>\n                                    <\/div>\n\n                                <div class=\"elementskit-box-footer\">\n                    <div class=\"box-footer\">\n                        <div class=\"btn-wraper\">\n                                                            <a href=\"https:\/\/tinabolter-bewegt.ch\/\" class=\"elementskit-btn whitespace--normal\">\n                                    Erfahre mehr                                <\/a>\n                                                    <\/div>\n                    <\/div>\n                <\/div>\n                            <\/div>\n            <\/div>\n    <\/div>\t\t\t\t<\/div>\n\t\t\t\t<\/div>\n\t\t<div class=\"elementor-element elementor-element-ccce45e e-con-full e-flex wpr-particle-no wpr-jarallax-no wpr-parallax-no wpr-sticky-section-no e-con e-child\" data-id=\"ccce45e\" data-element_type=\"container\" data-settings=\"{&quot;_ha_eqh_enable&quot;:false}\">\n\t\t\t\t<div class=\"elementor-element elementor-element-5344fbb ekit-equal-height-enable elementor-widget elementor-widget-elementskit-image-box\" data-id=\"5344fbb\" data-element_type=\"widget\" data-widget_type=\"elementskit-image-box.default\">\n\t\t\t\t\t<div class=\"ekit-wid-con\" >\n            <div class=\"elementskit-info-image-box ekit-image-box text-center simple-card\" >\n\n                \n                <div class=\"elementskit-box-header image-box-img-center\">\n\n                    <img loading=\"lazy\" decoding=\"async\" width=\"300\" height=\"194\" src=\"https:\/\/bewegungszentrum-seetal.ch\/wp-content\/uploads\/2025\/12\/coachhotz-300x194-1.jpg\" class=\"attachment-full size-full wp-image-18\" alt=\"\" \/>\n                <\/div>\n                \n                <div class=\"elementskit-box-body ekit-image-box-body\">\n                    <div class=\"elementskit-box-content ekit-image-box-body-inner\">\n                                                <h3 class=\"elementskit-info-box-title\">\n\n                        CoachHotz\n                        \n                    <\/h3>\n                                                            <div class=\"elementskit-box-style-content\">\n                        Click edit  to change this text. Lorem ipsum dolor sit amet, cctetur adipiscing elit. Ut elit tellus, luctus nec ullamcorper mattis, pulvinar dapibus leo.                    <\/div>\n                                    <\/div>\n\n                                <div class=\"elementskit-box-footer\">\n                    <div class=\"box-footer\">\n                        <div class=\"btn-wraper\">\n                                                            <a href=\"#\" class=\"elementskit-btn whitespace--normal\">\n                                    \n                                    \n                                    Erfahre mehr                                <\/a>\n                                                        <\/div>\n                    <\/div>\n                <\/div>\n                            <\/div>\n            <\/div>\n    <\/div>\t\t\t\t<\/div>\n\t\t\t\t<\/div>\n\t\t\t\t<\/div>\n\t\t\t\t<\/div>\n\t\t","protected":false},"excerpt":{"rendered":"<p>CrossFit-Seetal Bei uns k\u00f6nnen sich Hobbysportler, M\u00fctter und V\u00e4ter, Teenies, Profisportler, Grossv\u00e4ter und Grossm\u00fctter, (ex)Sportmuffel, Sportbegeisterte, Vereine, Firmen, einfach ALLE die Bock auf Bewegung haben, austoben. DU wirst zu einem CrossFitter, lernst sogar eine neue Sprache wie AMRAP, EMOM, Double Unders, Handstand und DU wirst durch \u00abconstantly varied, functional movement, performed at high intensity\u00bb kr\u00e4ftiger, ausdauernder, beweglicher und ges\u00fcnder werden. Pssst, nicht weitersagen macht sogar Spass Erfahre mehr TinaBolter Bewegt Du m\u00f6chtest deinen K\u00f6rper fit halten und mehr Bewegung in den Alltag integrieren? Ob Sportmuffel, Sportbegeisterte, Mamas, Papas oder Best Ager \u2013 Mit unseren individuellen Kursen wirst du kr\u00e4ftiger, ausdauernder und beweglicher. Die Trainings finden jeweils in Kleingruppen (max. 8 Personen) beim CrossFit SEETAL in Boniswil statt. Wir zeigen dir Wege auf, wie du deine Fitness verbessern kannst. Ist die \u00dcbung f\u00fcr dich noch zu intensiv, skalieren (anpassen) wir die \u00dcbung ganz nach deinen Bed\u00fcrfnissen \u2013 du bestimmst das Tempo. Erfahre mehr CoachHotz Click edit to change this text. Lorem ipsum dolor sit amet, cctetur adipiscing elit. Ut elit tellus, luctus nec ullamcorper mattis, pulvinar dapibus leo. Erfahre mehr<\/p>\n","protected":false},"author":1,"featured_media":0,"parent":0,"menu_order":0,"comment_status":"closed","ping_status":"closed","template":"elementor_canvas","meta":{"footnotes":""},"class_list":["post-7","page","type-page","status-publish","hentry"],"_links":{"self":[{"href":"https:\/\/bewegungszentrum-seetal.ch\/index.php?rest_route=\/wp\/v2\/pages\/7","targetHints":{"allow":["GET"]}}],"collection":[{"href":"https:\/\/bewegungszentrum-seetal.ch\/index.php?rest_route=\/wp\/v2\/pages"}],"about":[{"href":"https:\/\/bewegungszentrum-seetal.ch\/index.php?rest_route=\/wp\/v2\/types\/page"}],"author":[{"embeddable":true,"href":"https:\/\/bewegungszentrum-seetal.ch\/index.php?rest_route=\/wp\/v2\/users\/1"}],"replies":[{"embeddable":true,"href":"https:\/\/bewegungszentrum-seetal.ch\/index.php?rest_route=%2Fwp%2Fv2%2Fcomments&post=7"}],"version-history":[{"count":14,"href":"https:\/\/bewegungszentrum-seetal.ch\/index.php?rest_route=\/wp\/v2\/pages\/7\/revisions"}],"predecessor-version":[{"id":30,"href":"https:\/\/bewegungszentrum-seetal.ch\/index.php?rest_route=\/wp\/v2\/pages\/7\/revisions\/30"}],"wp:attachment":[{"href":"https:\/\/bewegungszentrum-seetal.ch\/index.php?rest_route=%2Fwp%2Fv2%2Fmedia&parent=7"}],"curies":[{"name":"wp","href":"https:\/\/api.w.org\/{rel}","templated":true}]}}